{"id":126,"date":"2019-04-15T21:24:40","date_gmt":"2019-04-15T21:24:40","guid":{"rendered":"https:\/\/shieldpediatricdentistry.com\/?page_id=126"},"modified":"2019-08-06T18:35:53","modified_gmt":"2019-08-06T18:35:53","slug":"fall-river-ma","status":"publish","type":"page","link":"https:\/\/shieldpediatricdentistry.com\/es\/contact\/fall-river-ma\/","title":{"rendered":"Fall River, MA"},"content":{"rendered":"    <!--[text]-->\n        <style>\n.additional-class-1144073995{margin-bottom:0px;margin-top:0px;}<\/style>        <p class=\" additional-class-1144073995  bd-content-element\">\n            <!--{content}-->\n                <span style=\"font-weight: normal;\">Dr. Daniel Gonzalez and his staff at SHIELD Pediatric Dentistry welcome patients from Fall River, MA 02720. If you're looking for pediatric dentistry that rocks, we're right down the street offering premier pedodontics in Westport, MA. You can give us a call at 774-319-5640 or request an appointment by <a href=\"https:\/\/shieldpediatricdentistry.com\/request-an-appointment\/\">clicking here<\/a>.<\/span><br><b><br><\/b><b>Did you know?<\/b><br><span style=\"font-weight: normal;\"><br><\/span><span style=\"font-weight: normal;\">Fall River's official motto is \"We'll Try\", which can be traced back to the aftermath of the Great Fire of 1843. Fall River is located 53 miles south of Boston. It is the 10th largest city in the state of Massachusetts as of 2010. Some of the attractions of Fall River, MA include the Battleship Cove and Maritime Museum, which includes the largest collection of US Naval Ships. Outdoor attractions include the Freetown-Fall River State Forest.<\/span>            <!--{\/content}-->\n        <\/p>\n    <!--[\/text]-->\n\n","protected":false},"excerpt":{"rendered":"","protected":false},"author":1,"featured_media":0,"parent":88,"menu_order":0,"comment_status":"closed","ping_status":"closed","template":"","meta":{"footnotes":""},"class_list":["post-126","page","type-page","status-publish","hentry"],"yoast_head":"<!-- This site is optimized with the Yoast SEO plugin v27.5 - https:\/\/yoast.com\/product\/yoast-seo-wordpress\/ -->\n<title>Fall River, MA - SHIELD Pediatric Dentistry - Dr. Daniel Gonzalez<\/title>\n<meta name=\"robots\" content=\"index, follow, max-snippet:-1, max-image-preview:large, max-video-preview:-1\" \/>\n<link rel=\"canonical\" href=\"https:\/\/shieldpediatricdentistry.com\/es\/contact\/fall-river-ma\/\" \/>\n<meta property=\"og:locale\" content=\"es_ES\" \/>\n<meta property=\"og:type\" content=\"article\" \/>\n<meta property=\"og:title\" content=\"Fall River, MA - SHIELD Pediatric Dentistry - Dr. Daniel Gonzalez\" \/>\n<meta property=\"og:url\" content=\"https:\/\/shieldpediatricdentistry.com\/es\/contact\/fall-river-ma\/\" \/>\n<meta property=\"og:site_name\" content=\"SHIELD Pediatric Dentistry - Dr. Daniel Gonzalez\" \/>\n<meta property=\"article:modified_time\" content=\"2019-08-06T18:35:53+00:00\" \/>\n<meta name=\"twitter:card\" content=\"summary_large_image\" \/>\n<meta name=\"twitter:label1\" content=\"Tiempo de lectura\" \/>\n\t<meta name=\"twitter:data1\" content=\"1 minuto\" \/>\n<script type=\"application\/ld+json\" class=\"yoast-schema-graph\">{\"@context\":\"https:\\\/\\\/schema.org\",\"@graph\":[{\"@type\":\"WebPage\",\"@id\":\"https:\\\/\\\/shieldpediatricdentistry.com\\\/contact\\\/fall-river-ma\\\/\",\"url\":\"https:\\\/\\\/shieldpediatricdentistry.com\\\/contact\\\/fall-river-ma\\\/\",\"name\":\"Fall River, MA - SHIELD Pediatric Dentistry - Dr. Daniel Gonzalez\",\"isPartOf\":{\"@id\":\"https:\\\/\\\/shieldpediatricdentistry.com\\\/#website\"},\"datePublished\":\"2019-04-15T21:24:40+00:00\",\"dateModified\":\"2019-08-06T18:35:53+00:00\",\"breadcrumb\":{\"@id\":\"https:\\\/\\\/shieldpediatricdentistry.com\\\/contact\\\/fall-river-ma\\\/#breadcrumb\"},\"inLanguage\":\"es-CO\",\"potentialAction\":[{\"@type\":\"ReadAction\",\"target\":[\"https:\\\/\\\/shieldpediatricdentistry.com\\\/contact\\\/fall-river-ma\\\/\"]}]},{\"@type\":\"BreadcrumbList\",\"@id\":\"https:\\\/\\\/shieldpediatricdentistry.com\\\/contact\\\/fall-river-ma\\\/#breadcrumb\",\"itemListElement\":[{\"@type\":\"ListItem\",\"position\":1,\"name\":\"Home\",\"item\":\"https:\\\/\\\/shieldpediatricdentistry.com\\\/\"},{\"@type\":\"ListItem\",\"position\":2,\"name\":\"Contact\",\"item\":\"https:\\\/\\\/shieldpediatricdentistry.com\\\/contact\\\/\"},{\"@type\":\"ListItem\",\"position\":3,\"name\":\"Fall River, MA\"}]},{\"@type\":\"WebSite\",\"@id\":\"https:\\\/\\\/shieldpediatricdentistry.com\\\/#website\",\"url\":\"https:\\\/\\\/shieldpediatricdentistry.com\\\/\",\"name\":\"SHIELD Pediatric Dentistry - Dr. Daniel Gonzalez\",\"description\":\"Pediatric Dentist in Westport, MA 02790\",\"potentialAction\":[{\"@type\":\"SearchAction\",\"target\":{\"@type\":\"EntryPoint\",\"urlTemplate\":\"https:\\\/\\\/shieldpediatricdentistry.com\\\/?s={search_term_string}\"},\"query-input\":{\"@type\":\"PropertyValueSpecification\",\"valueRequired\":true,\"valueName\":\"search_term_string\"}}],\"inLanguage\":\"es-CO\"}]}<\/script>\n<!-- \/ Yoast SEO plugin. -->","yoast_head_json":{"title":"Fall River, MA - SHIELD Pediatric Dentistry - Dr. Daniel Gonzalez","robots":{"index":"index","follow":"follow","max-snippet":"max-snippet:-1","max-image-preview":"max-image-preview:large","max-video-preview":"max-video-preview:-1"},"canonical":"https:\/\/shieldpediatricdentistry.com\/es\/contact\/fall-river-ma\/","og_locale":"es_ES","og_type":"article","og_title":"Fall River, MA - SHIELD Pediatric Dentistry - Dr. Daniel Gonzalez","og_url":"https:\/\/shieldpediatricdentistry.com\/es\/contact\/fall-river-ma\/","og_site_name":"SHIELD Pediatric Dentistry - Dr. Daniel Gonzalez","article_modified_time":"2019-08-06T18:35:53+00:00","twitter_card":"summary_large_image","twitter_misc":{"Tiempo de lectura":"1 minuto"},"schema":{"@context":"https:\/\/schema.org","@graph":[{"@type":"WebPage","@id":"https:\/\/shieldpediatricdentistry.com\/contact\/fall-river-ma\/","url":"https:\/\/shieldpediatricdentistry.com\/contact\/fall-river-ma\/","name":"Fall River, MA - SHIELD Pediatric Dentistry - Dr. Daniel Gonzalez","isPartOf":{"@id":"https:\/\/shieldpediatricdentistry.com\/#website"},"datePublished":"2019-04-15T21:24:40+00:00","dateModified":"2019-08-06T18:35:53+00:00","breadcrumb":{"@id":"https:\/\/shieldpediatricdentistry.com\/contact\/fall-river-ma\/#breadcrumb"},"inLanguage":"es-CO","potentialAction":[{"@type":"ReadAction","target":["https:\/\/shieldpediatricdentistry.com\/contact\/fall-river-ma\/"]}]},{"@type":"BreadcrumbList","@id":"https:\/\/shieldpediatricdentistry.com\/contact\/fall-river-ma\/#breadcrumb","itemListElement":[{"@type":"ListItem","position":1,"name":"Home","item":"https:\/\/shieldpediatricdentistry.com\/"},{"@type":"ListItem","position":2,"name":"Contact","item":"https:\/\/shieldpediatricdentistry.com\/contact\/"},{"@type":"ListItem","position":3,"name":"Fall River, MA"}]},{"@type":"WebSite","@id":"https:\/\/shieldpediatricdentistry.com\/#website","url":"https:\/\/shieldpediatricdentistry.com\/","name":"SHIELD Odontolog\u00eda Pedi\u00e1trica - Dr. Daniel Gonz\u00e1lez","description":"Dentista Pedi\u00e1trico en Westport, MA 02790","potentialAction":[{"@type":"SearchAction","target":{"@type":"EntryPoint","urlTemplate":"https:\/\/shieldpediatricdentistry.com\/?s={search_term_string}"},"query-input":{"@type":"PropertyValueSpecification","valueRequired":true,"valueName":"search_term_string"}}],"inLanguage":"es-CO"}]}},"_links":{"self":[{"href":"https:\/\/shieldpediatricdentistry.com\/es\/wp-json\/wp\/v2\/pages\/126","targetHints":{"allow":["GET"]}}],"collection":[{"href":"https:\/\/shieldpediatricdentistry.com\/es\/wp-json\/wp\/v2\/pages"}],"about":[{"href":"https:\/\/shieldpediatricdentistry.com\/es\/wp-json\/wp\/v2\/types\/page"}],"author":[{"embeddable":true,"href":"https:\/\/shieldpediatricdentistry.com\/es\/wp-json\/wp\/v2\/users\/1"}],"replies":[{"embeddable":true,"href":"https:\/\/shieldpediatricdentistry.com\/es\/wp-json\/wp\/v2\/comments?post=126"}],"version-history":[{"count":8,"href":"https:\/\/shieldpediatricdentistry.com\/es\/wp-json\/wp\/v2\/pages\/126\/revisions"}],"predecessor-version":[{"id":181,"href":"https:\/\/shieldpediatricdentistry.com\/es\/wp-json\/wp\/v2\/pages\/126\/revisions\/181"}],"up":[{"embeddable":true,"href":"https:\/\/shieldpediatricdentistry.com\/es\/wp-json\/wp\/v2\/pages\/88"}],"wp:attachment":[{"href":"https:\/\/shieldpediatricdentistry.com\/es\/wp-json\/wp\/v2\/media?parent=126"}],"curies":[{"name":"wp","href":"https:\/\/api.w.org\/{rel}","templated":true}]}}