{"id":19,"date":"2018-11-20T20:41:19","date_gmt":"2018-11-20T20:41:19","guid":{"rendered":"https:\/\/shieldpediatricdentistry.com\/?page_id=19"},"modified":"2019-04-01T19:29:13","modified_gmt":"2019-04-01T19:29:13","slug":"shield-office-tour","status":"publish","type":"page","link":"https:\/\/shieldpediatricdentistry.com\/es\/shield-office-tour\/","title":{"rendered":"Tour De Oficina"},"content":{"rendered":"    <!--[text]-->\n        <style>\n.additional-class-1163316349{margin-bottom:0px;margin-top:0px;}<\/style>        <p class=\" additional-class-1163316349  bd-content-element\">\n            <!--{content}-->\n                We invite you and your children to explore our office before you visit us in person. Below is an office gallery with pictures of the Shield Pediatric Dentistry location in Westport, MA. We are a premier pediatric dental office with comfortable rooms, and we offer an in-office operating room suite.            <!--{\/content}-->\n        <\/p>\n    <!--[\/text]-->\n\n","protected":false},"excerpt":{"rendered":"","protected":false},"author":1,"featured_media":0,"parent":0,"menu_order":0,"comment_status":"closed","ping_status":"closed","template":"","meta":{"footnotes":""},"class_list":["post-19","page","type-page","status-publish","hentry"],"yoast_head":"<!-- This site is optimized with the Yoast SEO plugin v27.4 - https:\/\/yoast.com\/product\/yoast-seo-wordpress\/ -->\n<title>SHIELD Office Tour - SHIELD Pediatric Dentistry - Dr. Daniel Gonzalez<\/title>\n<meta name=\"robots\" content=\"index, follow, max-snippet:-1, max-image-preview:large, max-video-preview:-1\" \/>\n<link rel=\"canonical\" href=\"https:\/\/shieldpediatricdentistry.com\/es\/shield-office-tour\/\" \/>\n<meta property=\"og:locale\" content=\"es_ES\" \/>\n<meta property=\"og:type\" content=\"article\" \/>\n<meta property=\"og:title\" content=\"SHIELD Office Tour - SHIELD Pediatric Dentistry - Dr. Daniel Gonzalez\" \/>\n<meta property=\"og:url\" content=\"https:\/\/shieldpediatricdentistry.com\/es\/shield-office-tour\/\" \/>\n<meta property=\"og:site_name\" content=\"SHIELD Pediatric Dentistry - Dr. Daniel Gonzalez\" \/>\n<meta property=\"article:modified_time\" content=\"2019-04-01T19:29:13+00:00\" \/>\n<meta name=\"twitter:card\" content=\"summary_large_image\" \/>\n<script type=\"application\/ld+json\" class=\"yoast-schema-graph\">{\"@context\":\"https:\\\/\\\/schema.org\",\"@graph\":[{\"@type\":\"WebPage\",\"@id\":\"https:\\\/\\\/shieldpediatricdentistry.com\\\/shield-office-tour\\\/\",\"url\":\"https:\\\/\\\/shieldpediatricdentistry.com\\\/shield-office-tour\\\/\",\"name\":\"SHIELD Office Tour - SHIELD Pediatric Dentistry - Dr. Daniel Gonzalez\",\"isPartOf\":{\"@id\":\"https:\\\/\\\/shieldpediatricdentistry.com\\\/#website\"},\"datePublished\":\"2018-11-20T20:41:19+00:00\",\"dateModified\":\"2019-04-01T19:29:13+00:00\",\"breadcrumb\":{\"@id\":\"https:\\\/\\\/shieldpediatricdentistry.com\\\/shield-office-tour\\\/#breadcrumb\"},\"inLanguage\":\"es-CO\",\"potentialAction\":[{\"@type\":\"ReadAction\",\"target\":[\"https:\\\/\\\/shieldpediatricdentistry.com\\\/shield-office-tour\\\/\"]}]},{\"@type\":\"BreadcrumbList\",\"@id\":\"https:\\\/\\\/shieldpediatricdentistry.com\\\/shield-office-tour\\\/#breadcrumb\",\"itemListElement\":[{\"@type\":\"ListItem\",\"position\":1,\"name\":\"Home\",\"item\":\"https:\\\/\\\/shieldpediatricdentistry.com\\\/\"},{\"@type\":\"ListItem\",\"position\":2,\"name\":\"SHIELD Office Tour\"}]},{\"@type\":\"WebSite\",\"@id\":\"https:\\\/\\\/shieldpediatricdentistry.com\\\/#website\",\"url\":\"https:\\\/\\\/shieldpediatricdentistry.com\\\/\",\"name\":\"SHIELD Pediatric Dentistry - Dr. Daniel Gonzalez\",\"description\":\"Pediatric Dentist in Westport, MA 02790\",\"potentialAction\":[{\"@type\":\"SearchAction\",\"target\":{\"@type\":\"EntryPoint\",\"urlTemplate\":\"https:\\\/\\\/shieldpediatricdentistry.com\\\/?s={search_term_string}\"},\"query-input\":{\"@type\":\"PropertyValueSpecification\",\"valueRequired\":true,\"valueName\":\"search_term_string\"}}],\"inLanguage\":\"es-CO\"}]}<\/script>\n<!-- \/ Yoast SEO plugin. -->","yoast_head_json":{"title":"SHIELD Office Tour - SHIELD Pediatric Dentistry - Dr. Daniel Gonzalez","robots":{"index":"index","follow":"follow","max-snippet":"max-snippet:-1","max-image-preview":"max-image-preview:large","max-video-preview":"max-video-preview:-1"},"canonical":"https:\/\/shieldpediatricdentistry.com\/es\/shield-office-tour\/","og_locale":"es_ES","og_type":"article","og_title":"SHIELD Office Tour - SHIELD Pediatric Dentistry - Dr. Daniel Gonzalez","og_url":"https:\/\/shieldpediatricdentistry.com\/es\/shield-office-tour\/","og_site_name":"SHIELD Pediatric Dentistry - Dr. Daniel Gonzalez","article_modified_time":"2019-04-01T19:29:13+00:00","twitter_card":"summary_large_image","schema":{"@context":"https:\/\/schema.org","@graph":[{"@type":"WebPage","@id":"https:\/\/shieldpediatricdentistry.com\/shield-office-tour\/","url":"https:\/\/shieldpediatricdentistry.com\/shield-office-tour\/","name":"SHIELD Office Tour - SHIELD Pediatric Dentistry - Dr. Daniel Gonzalez","isPartOf":{"@id":"https:\/\/shieldpediatricdentistry.com\/#website"},"datePublished":"2018-11-20T20:41:19+00:00","dateModified":"2019-04-01T19:29:13+00:00","breadcrumb":{"@id":"https:\/\/shieldpediatricdentistry.com\/shield-office-tour\/#breadcrumb"},"inLanguage":"es-CO","potentialAction":[{"@type":"ReadAction","target":["https:\/\/shieldpediatricdentistry.com\/shield-office-tour\/"]}]},{"@type":"BreadcrumbList","@id":"https:\/\/shieldpediatricdentistry.com\/shield-office-tour\/#breadcrumb","itemListElement":[{"@type":"ListItem","position":1,"name":"Home","item":"https:\/\/shieldpediatricdentistry.com\/"},{"@type":"ListItem","position":2,"name":"SHIELD Office Tour"}]},{"@type":"WebSite","@id":"https:\/\/shieldpediatricdentistry.com\/#website","url":"https:\/\/shieldpediatricdentistry.com\/","name":"SHIELD Odontolog\u00eda Pedi\u00e1trica - Dr. Daniel Gonz\u00e1lez","description":"Dentista Pedi\u00e1trico en Westport, MA 02790","potentialAction":[{"@type":"SearchAction","target":{"@type":"EntryPoint","urlTemplate":"https:\/\/shieldpediatricdentistry.com\/?s={search_term_string}"},"query-input":{"@type":"PropertyValueSpecification","valueRequired":true,"valueName":"search_term_string"}}],"inLanguage":"es-CO"}]}},"_links":{"self":[{"href":"https:\/\/shieldpediatricdentistry.com\/es\/wp-json\/wp\/v2\/pages\/19","targetHints":{"allow":["GET"]}}],"collection":[{"href":"https:\/\/shieldpediatricdentistry.com\/es\/wp-json\/wp\/v2\/pages"}],"about":[{"href":"https:\/\/shieldpediatricdentistry.com\/es\/wp-json\/wp\/v2\/types\/page"}],"author":[{"embeddable":true,"href":"https:\/\/shieldpediatricdentistry.com\/es\/wp-json\/wp\/v2\/users\/1"}],"replies":[{"embeddable":true,"href":"https:\/\/shieldpediatricdentistry.com\/es\/wp-json\/wp\/v2\/comments?post=19"}],"version-history":[{"count":3,"href":"https:\/\/shieldpediatricdentistry.com\/es\/wp-json\/wp\/v2\/pages\/19\/revisions"}],"predecessor-version":[{"id":111,"href":"https:\/\/shieldpediatricdentistry.com\/es\/wp-json\/wp\/v2\/pages\/19\/revisions\/111"}],"wp:attachment":[{"href":"https:\/\/shieldpediatricdentistry.com\/es\/wp-json\/wp\/v2\/media?parent=19"}],"curies":[{"name":"wp","href":"https:\/\/api.w.org\/{rel}","templated":true}]}}