{"id":24,"date":"2018-11-20T20:43:34","date_gmt":"2018-11-20T20:43:34","guid":{"rendered":"https:\/\/shieldpediatricdentistry.com\/?page_id=24"},"modified":"2024-01-18T17:00:48","modified_gmt":"2024-01-18T17:00:48","slug":"the-shield-mission","status":"publish","type":"page","link":"https:\/\/shieldpediatricdentistry.com\/es\/the-shield-mission\/","title":{"rendered":"SHIELD Misi\u00f3n"},"content":{"rendered":"<!--[image]--><style>\n.additional-class-697325856{margin-left:50%;-webkit-transform:translateX(-50%);-moz-transform:translateX(-50%);-ms-transform:translateX(-50%);transform:translateX(-50%);margin-right:-50%;display:inline-block;border-radius:50%;}<\/style><img decoding=\"async\" src=\"https:\/\/shieldpediatricdentistry.com\/wp-content\/uploads\/2024\/01\/513faaf7762e54d42b69c121a628d891_0.png\" class=\" additional-class-697325856  bd-no-margins  bd-imagestyles bd-own-margins\"><!--{content}--><!--{\/content}--><!--[\/image]-->\n    <!--[text]-->\n        <style>\n.additional-class-619156775{margin-top:0px;margin-bottom:0px;}\n.additional-class-619156775{\n\tfont-weight:  bold;\n}\n<\/style>        <p class=\" additional-class-619156775  bd-content-element\">\n            <!--{content}-->\n                <br>Genesis, the beginning:<br><br><span style=\"font-weight: 400;\">In the beginning, there was peace. The creator made a perfect land for them to live in. The residents of \"The Vestibule\" were happy and lived in harmony with one another. There was health, and the residents worked together to create an environment that was naturally happy and \"in balance\". Smiles were the way people greeted one another. However, this peace came with a cost because of one of the fundamental laws of \"The Vestibule\": there must be a counterbalance to every force. That's when chaos began to corrupt \"The Vestibule\", but also when faith was strongest among the residents that his (the creator's) original image would be restored and that he would not forsake them.<\/span><br><span style=\"font-weight: normal;\"><br><\/span>S.H.I.E.L.D.: Serving His Image [through] Ever-Loving Dentistry:<br><br><span style=\"font-weight: 400;\">To keep strong against the rising chaos, the heroes of the land created \"SHIELD\", a team of superheroes to help keep peace and balance in the midst of the encroaching forces of chaos in \"The Vestibule\". Sugar bugs eroded the homes that were once palaces, reducing them to rubble. Beautifully designed towns became crooked because of looming chaotic forces. The residents were afflicted with pain and discomfort. To keep the faith the members of SHIELD reminded each other and the residents to hold steady and remember the original image \"He\" created.<br><\/span><span style=\"font-weight: 400;\"><br>To remember the mission, a simple mantra was remembered amongst the superheroes. We are \"S.H.I.E.L.D.\", and we are Serving His Image [through] Ever-Loving Dentistry, a discipline we practice on a daily basis.<br><br>Where there is erosion, we fix and restore.<\/span><br><span style=\"font-weight: 400;\"><br><\/span><span style=\"font-weight: 400;\">Where there is imbalance, we support to create balance.<\/span><br><span style=\"font-weight: 400;\"><br><\/span><span style=\"font-weight: 400;\">Where there is pain, let us bring comfort and solace.<\/span><span style=\"font-weight: 400;\"><\/span>            <!--{\/content}-->\n        <\/p>\n    <!--[\/text]-->\n\n","protected":false},"excerpt":{"rendered":"","protected":false},"author":1,"featured_media":0,"parent":0,"menu_order":0,"comment_status":"closed","ping_status":"closed","template":"","meta":{"footnotes":""},"class_list":["post-24","page","type-page","status-publish","hentry"],"yoast_head":"<!-- This site is optimized with the Yoast SEO plugin v27.3 - https:\/\/yoast.com\/product\/yoast-seo-wordpress\/ -->\n<title>The SHIELD Mission - SHIELD Pediatric Dentistry - Dr. Daniel Gonzalez<\/title>\n<meta name=\"robots\" content=\"index, follow, max-snippet:-1, max-image-preview:large, max-video-preview:-1\" \/>\n<link rel=\"canonical\" href=\"https:\/\/shieldpediatricdentistry.com\/es\/the-shield-mission\/\" \/>\n<meta property=\"og:locale\" content=\"es_ES\" \/>\n<meta property=\"og:type\" content=\"article\" \/>\n<meta property=\"og:title\" content=\"The SHIELD Mission - SHIELD Pediatric Dentistry - Dr. Daniel Gonzalez\" \/>\n<meta property=\"og:url\" content=\"https:\/\/shieldpediatricdentistry.com\/es\/the-shield-mission\/\" \/>\n<meta property=\"og:site_name\" content=\"SHIELD Pediatric Dentistry - Dr. Daniel Gonzalez\" \/>\n<meta property=\"article:modified_time\" content=\"2024-01-18T17:00:48+00:00\" \/>\n<meta name=\"twitter:card\" content=\"summary_large_image\" \/>\n<meta name=\"twitter:label1\" content=\"Tiempo de lectura\" \/>\n\t<meta name=\"twitter:data1\" content=\"2 minutos\" \/>\n<script type=\"application\/ld+json\" class=\"yoast-schema-graph\">{\"@context\":\"https:\\\/\\\/schema.org\",\"@graph\":[{\"@type\":\"WebPage\",\"@id\":\"https:\\\/\\\/shieldpediatricdentistry.com\\\/the-shield-mission\\\/\",\"url\":\"https:\\\/\\\/shieldpediatricdentistry.com\\\/the-shield-mission\\\/\",\"name\":\"The SHIELD Mission - SHIELD Pediatric Dentistry - Dr. Daniel Gonzalez\",\"isPartOf\":{\"@id\":\"https:\\\/\\\/shieldpediatricdentistry.com\\\/#website\"},\"datePublished\":\"2018-11-20T20:43:34+00:00\",\"dateModified\":\"2024-01-18T17:00:48+00:00\",\"breadcrumb\":{\"@id\":\"https:\\\/\\\/shieldpediatricdentistry.com\\\/the-shield-mission\\\/#breadcrumb\"},\"inLanguage\":\"es-CO\",\"potentialAction\":[{\"@type\":\"ReadAction\",\"target\":[\"https:\\\/\\\/shieldpediatricdentistry.com\\\/the-shield-mission\\\/\"]}]},{\"@type\":\"BreadcrumbList\",\"@id\":\"https:\\\/\\\/shieldpediatricdentistry.com\\\/the-shield-mission\\\/#breadcrumb\",\"itemListElement\":[{\"@type\":\"ListItem\",\"position\":1,\"name\":\"Home\",\"item\":\"https:\\\/\\\/shieldpediatricdentistry.com\\\/\"},{\"@type\":\"ListItem\",\"position\":2,\"name\":\"The SHIELD Mission\"}]},{\"@type\":\"WebSite\",\"@id\":\"https:\\\/\\\/shieldpediatricdentistry.com\\\/#website\",\"url\":\"https:\\\/\\\/shieldpediatricdentistry.com\\\/\",\"name\":\"SHIELD Pediatric Dentistry - Dr. Daniel Gonzalez\",\"description\":\"Pediatric Dentist in Westport, MA 02790\",\"potentialAction\":[{\"@type\":\"SearchAction\",\"target\":{\"@type\":\"EntryPoint\",\"urlTemplate\":\"https:\\\/\\\/shieldpediatricdentistry.com\\\/?s={search_term_string}\"},\"query-input\":{\"@type\":\"PropertyValueSpecification\",\"valueRequired\":true,\"valueName\":\"search_term_string\"}}],\"inLanguage\":\"es-CO\"}]}<\/script>\n<!-- \/ Yoast SEO plugin. -->","yoast_head_json":{"title":"The SHIELD Mission - SHIELD Pediatric Dentistry - Dr. Daniel Gonzalez","robots":{"index":"index","follow":"follow","max-snippet":"max-snippet:-1","max-image-preview":"max-image-preview:large","max-video-preview":"max-video-preview:-1"},"canonical":"https:\/\/shieldpediatricdentistry.com\/es\/the-shield-mission\/","og_locale":"es_ES","og_type":"article","og_title":"The SHIELD Mission - SHIELD Pediatric Dentistry - Dr. Daniel Gonzalez","og_url":"https:\/\/shieldpediatricdentistry.com\/es\/the-shield-mission\/","og_site_name":"SHIELD Pediatric Dentistry - Dr. Daniel Gonzalez","article_modified_time":"2024-01-18T17:00:48+00:00","twitter_card":"summary_large_image","twitter_misc":{"Tiempo de lectura":"2 minutos"},"schema":{"@context":"https:\/\/schema.org","@graph":[{"@type":"WebPage","@id":"https:\/\/shieldpediatricdentistry.com\/the-shield-mission\/","url":"https:\/\/shieldpediatricdentistry.com\/the-shield-mission\/","name":"The SHIELD Mission - SHIELD Pediatric Dentistry - Dr. Daniel Gonzalez","isPartOf":{"@id":"https:\/\/shieldpediatricdentistry.com\/#website"},"datePublished":"2018-11-20T20:43:34+00:00","dateModified":"2024-01-18T17:00:48+00:00","breadcrumb":{"@id":"https:\/\/shieldpediatricdentistry.com\/the-shield-mission\/#breadcrumb"},"inLanguage":"es-CO","potentialAction":[{"@type":"ReadAction","target":["https:\/\/shieldpediatricdentistry.com\/the-shield-mission\/"]}]},{"@type":"BreadcrumbList","@id":"https:\/\/shieldpediatricdentistry.com\/the-shield-mission\/#breadcrumb","itemListElement":[{"@type":"ListItem","position":1,"name":"Home","item":"https:\/\/shieldpediatricdentistry.com\/"},{"@type":"ListItem","position":2,"name":"The SHIELD Mission"}]},{"@type":"WebSite","@id":"https:\/\/shieldpediatricdentistry.com\/#website","url":"https:\/\/shieldpediatricdentistry.com\/","name":"SHIELD Odontolog\u00eda Pedi\u00e1trica - Dr. Daniel Gonz\u00e1lez","description":"Dentista Pedi\u00e1trico en Westport, MA 02790","potentialAction":[{"@type":"SearchAction","target":{"@type":"EntryPoint","urlTemplate":"https:\/\/shieldpediatricdentistry.com\/?s={search_term_string}"},"query-input":{"@type":"PropertyValueSpecification","valueRequired":true,"valueName":"search_term_string"}}],"inLanguage":"es-CO"}]}},"_links":{"self":[{"href":"https:\/\/shieldpediatricdentistry.com\/es\/wp-json\/wp\/v2\/pages\/24","targetHints":{"allow":["GET"]}}],"collection":[{"href":"https:\/\/shieldpediatricdentistry.com\/es\/wp-json\/wp\/v2\/pages"}],"about":[{"href":"https:\/\/shieldpediatricdentistry.com\/es\/wp-json\/wp\/v2\/types\/page"}],"author":[{"embeddable":true,"href":"https:\/\/shieldpediatricdentistry.com\/es\/wp-json\/wp\/v2\/users\/1"}],"replies":[{"embeddable":true,"href":"https:\/\/shieldpediatricdentistry.com\/es\/wp-json\/wp\/v2\/comments?post=24"}],"version-history":[{"count":11,"href":"https:\/\/shieldpediatricdentistry.com\/es\/wp-json\/wp\/v2\/pages\/24\/revisions"}],"predecessor-version":[{"id":325,"href":"https:\/\/shieldpediatricdentistry.com\/es\/wp-json\/wp\/v2\/pages\/24\/revisions\/325"}],"wp:attachment":[{"href":"https:\/\/shieldpediatricdentistry.com\/es\/wp-json\/wp\/v2\/media?parent=24"}],"curies":[{"name":"wp","href":"https:\/\/api.w.org\/{rel}","templated":true}]}}