{"id":45,"date":"2018-11-20T21:03:28","date_gmt":"2018-11-20T21:03:28","guid":{"rendered":"https:\/\/shieldpediatricdentistry.com\/?page_id=45"},"modified":"2019-07-11T15:45:23","modified_gmt":"2019-07-11T15:45:23","slug":"fillings","status":"publish","type":"page","link":"https:\/\/shieldpediatricdentistry.com\/es\/fillings\/","title":{"rendered":"Empastes"},"content":{"rendered":"    <!--[section]-->\n\t\t\t\t<section id=section4 class=\" bd-section-18542375  bd-tagstyles\" data-section-title=\"One \u0421olumn\">\n\t\t\t<div class=\"bd-container-inner bd-margins clearfix\">\n\t\t\t\t<!--{content}-->\n\t\t\t\t\t    <!--[columns]-->\n        <style>\n.bd-layoutcontainer-965696791  > .bd-container-inner > .container-fluid:after{display:none;}<\/style><style>\n.bd-layoutcontainer-965696791 > .bd-container-inner > .container-fluid, .bd-layoutcontainer-965696791 > .bd-container-inner > .container-fluid > .row{height:100%;}<\/style><style>.bd-layoutcontainer-965696791 > .bd-container-inner > .container-fluid {padding-left: 0; padding-right: 0;}<\/style>        <style><\/style>        <div class=\" bd-layoutcontainer-965696791  bd-columns bd-no-margins\">\n            <div class=\"bd-container-inner\">\n                <div class=\"container-fluid\">\n                    <div class=\"row bd-row-flex bd-row-align-middle\">\n                        <!--{content}-->\n                                <!--[column]-->\n        <div class=\"col-xs-12 bd-columnwrapper-1345880521\">\n            <div class=\"bd-column  bd-layoutcolumn-1345880521 \">\n                <div class=\"bd-vertical-align-wrapper\">\n                    <!--{content}-->\n                            <!--[text]-->\n        <style>\n.additional-class-1838584313{margin-bottom:0px;margin-top:0px;}<\/style>        <p class=\" additional-class-1838584313  bd-content-element\">\n            <!--{content}-->\n                <b>Dental Fillings in Westport, MA<\/b><br><br>At SHIELD Pediatric Dentistry, we offer tooth-colored composite fillings. Composite is a hybrid of plastic and ceramic materials. These fillings give a natural look, and are often requested by our patients. The unique properties of this dental material allows us to do more conservative preparations to the tooth, preserving natural tooth structure.<br style=\"font-family: &quot;Open Sans&quot;;\"><br style=\"font-family: &quot;Open Sans&quot;;\">These fillings can be used to fix many problems with teeth including staining, chips, and breaks.            <!--{\/content}-->\n        <\/p>\n    <!--[\/text]-->\n                    <!--{\/content}-->\n                <\/div>\n            <\/div>\n        <\/div>\n    <!--[\/column]-->\n                        <!--{\/content}-->\n                    <\/div>\n                <\/div>\n            <\/div>\n        <\/div>\n    <!--[\/columns]-->\n\t\t\t\t<!--{\/content}-->\n\t\t\t<\/div>\n\t\t<\/section>\n\t<!--[\/section]-->\n\n","protected":false},"excerpt":{"rendered":"","protected":false},"author":1,"featured_media":0,"parent":0,"menu_order":0,"comment_status":"closed","ping_status":"closed","template":"","meta":{"footnotes":""},"class_list":["post-45","page","type-page","status-publish","hentry"],"yoast_head":"<!-- This site is optimized with the Yoast SEO plugin v27.4 - https:\/\/yoast.com\/product\/yoast-seo-wordpress\/ -->\n<title>Fillings - SHIELD Pediatric Dentistry - Dr. Daniel Gonzalez<\/title>\n<meta name=\"robots\" content=\"index, follow, max-snippet:-1, max-image-preview:large, max-video-preview:-1\" \/>\n<link rel=\"canonical\" href=\"https:\/\/shieldpediatricdentistry.com\/es\/fillings\/\" \/>\n<meta property=\"og:locale\" content=\"es_ES\" \/>\n<meta property=\"og:type\" content=\"article\" \/>\n<meta property=\"og:title\" content=\"Fillings - SHIELD Pediatric Dentistry - Dr. Daniel Gonzalez\" \/>\n<meta property=\"og:url\" content=\"https:\/\/shieldpediatricdentistry.com\/es\/fillings\/\" \/>\n<meta property=\"og:site_name\" content=\"SHIELD Pediatric Dentistry - Dr. Daniel Gonzalez\" \/>\n<meta property=\"article:modified_time\" content=\"2019-07-11T15:45:23+00:00\" \/>\n<meta name=\"twitter:card\" content=\"summary_large_image\" \/>\n<meta name=\"twitter:label1\" content=\"Tiempo de lectura\" \/>\n\t<meta name=\"twitter:data1\" content=\"1 minuto\" \/>\n<script type=\"application\/ld+json\" class=\"yoast-schema-graph\">{\"@context\":\"https:\\\/\\\/schema.org\",\"@graph\":[{\"@type\":\"WebPage\",\"@id\":\"https:\\\/\\\/shieldpediatricdentistry.com\\\/fillings\\\/\",\"url\":\"https:\\\/\\\/shieldpediatricdentistry.com\\\/fillings\\\/\",\"name\":\"Fillings - SHIELD Pediatric Dentistry - Dr. Daniel Gonzalez\",\"isPartOf\":{\"@id\":\"https:\\\/\\\/shieldpediatricdentistry.com\\\/#website\"},\"datePublished\":\"2018-11-20T21:03:28+00:00\",\"dateModified\":\"2019-07-11T15:45:23+00:00\",\"breadcrumb\":{\"@id\":\"https:\\\/\\\/shieldpediatricdentistry.com\\\/fillings\\\/#breadcrumb\"},\"inLanguage\":\"es-CO\",\"potentialAction\":[{\"@type\":\"ReadAction\",\"target\":[\"https:\\\/\\\/shieldpediatricdentistry.com\\\/fillings\\\/\"]}]},{\"@type\":\"BreadcrumbList\",\"@id\":\"https:\\\/\\\/shieldpediatricdentistry.com\\\/fillings\\\/#breadcrumb\",\"itemListElement\":[{\"@type\":\"ListItem\",\"position\":1,\"name\":\"Home\",\"item\":\"https:\\\/\\\/shieldpediatricdentistry.com\\\/\"},{\"@type\":\"ListItem\",\"position\":2,\"name\":\"Fillings\"}]},{\"@type\":\"WebSite\",\"@id\":\"https:\\\/\\\/shieldpediatricdentistry.com\\\/#website\",\"url\":\"https:\\\/\\\/shieldpediatricdentistry.com\\\/\",\"name\":\"SHIELD Pediatric Dentistry - Dr. Daniel Gonzalez\",\"description\":\"Pediatric Dentist in Westport, MA 02790\",\"potentialAction\":[{\"@type\":\"SearchAction\",\"target\":{\"@type\":\"EntryPoint\",\"urlTemplate\":\"https:\\\/\\\/shieldpediatricdentistry.com\\\/?s={search_term_string}\"},\"query-input\":{\"@type\":\"PropertyValueSpecification\",\"valueRequired\":true,\"valueName\":\"search_term_string\"}}],\"inLanguage\":\"es-CO\"}]}<\/script>\n<!-- \/ Yoast SEO plugin. -->","yoast_head_json":{"title":"Fillings - SHIELD Pediatric Dentistry - Dr. Daniel Gonzalez","robots":{"index":"index","follow":"follow","max-snippet":"max-snippet:-1","max-image-preview":"max-image-preview:large","max-video-preview":"max-video-preview:-1"},"canonical":"https:\/\/shieldpediatricdentistry.com\/es\/fillings\/","og_locale":"es_ES","og_type":"article","og_title":"Fillings - SHIELD Pediatric Dentistry - Dr. Daniel Gonzalez","og_url":"https:\/\/shieldpediatricdentistry.com\/es\/fillings\/","og_site_name":"SHIELD Pediatric Dentistry - Dr. Daniel Gonzalez","article_modified_time":"2019-07-11T15:45:23+00:00","twitter_card":"summary_large_image","twitter_misc":{"Tiempo de lectura":"1 minuto"},"schema":{"@context":"https:\/\/schema.org","@graph":[{"@type":"WebPage","@id":"https:\/\/shieldpediatricdentistry.com\/fillings\/","url":"https:\/\/shieldpediatricdentistry.com\/fillings\/","name":"Fillings - SHIELD Pediatric Dentistry - Dr. Daniel Gonzalez","isPartOf":{"@id":"https:\/\/shieldpediatricdentistry.com\/#website"},"datePublished":"2018-11-20T21:03:28+00:00","dateModified":"2019-07-11T15:45:23+00:00","breadcrumb":{"@id":"https:\/\/shieldpediatricdentistry.com\/fillings\/#breadcrumb"},"inLanguage":"es-CO","potentialAction":[{"@type":"ReadAction","target":["https:\/\/shieldpediatricdentistry.com\/fillings\/"]}]},{"@type":"BreadcrumbList","@id":"https:\/\/shieldpediatricdentistry.com\/fillings\/#breadcrumb","itemListElement":[{"@type":"ListItem","position":1,"name":"Home","item":"https:\/\/shieldpediatricdentistry.com\/"},{"@type":"ListItem","position":2,"name":"Fillings"}]},{"@type":"WebSite","@id":"https:\/\/shieldpediatricdentistry.com\/#website","url":"https:\/\/shieldpediatricdentistry.com\/","name":"SHIELD Odontolog\u00eda Pedi\u00e1trica - Dr. Daniel Gonz\u00e1lez","description":"Dentista Pedi\u00e1trico en Westport, MA 02790","potentialAction":[{"@type":"SearchAction","target":{"@type":"EntryPoint","urlTemplate":"https:\/\/shieldpediatricdentistry.com\/?s={search_term_string}"},"query-input":{"@type":"PropertyValueSpecification","valueRequired":true,"valueName":"search_term_string"}}],"inLanguage":"es-CO"}]}},"_links":{"self":[{"href":"https:\/\/shieldpediatricdentistry.com\/es\/wp-json\/wp\/v2\/pages\/45","targetHints":{"allow":["GET"]}}],"collection":[{"href":"https:\/\/shieldpediatricdentistry.com\/es\/wp-json\/wp\/v2\/pages"}],"about":[{"href":"https:\/\/shieldpediatricdentistry.com\/es\/wp-json\/wp\/v2\/types\/page"}],"author":[{"embeddable":true,"href":"https:\/\/shieldpediatricdentistry.com\/es\/wp-json\/wp\/v2\/users\/1"}],"replies":[{"embeddable":true,"href":"https:\/\/shieldpediatricdentistry.com\/es\/wp-json\/wp\/v2\/comments?post=45"}],"version-history":[{"count":4,"href":"https:\/\/shieldpediatricdentistry.com\/es\/wp-json\/wp\/v2\/pages\/45\/revisions"}],"predecessor-version":[{"id":176,"href":"https:\/\/shieldpediatricdentistry.com\/es\/wp-json\/wp\/v2\/pages\/45\/revisions\/176"}],"wp:attachment":[{"href":"https:\/\/shieldpediatricdentistry.com\/es\/wp-json\/wp\/v2\/media?parent=45"}],"curies":[{"name":"wp","href":"https:\/\/api.w.org\/{rel}","templated":true}]}}