{"id":88,"date":"2018-11-20T22:09:03","date_gmt":"2018-11-20T22:09:03","guid":{"rendered":"https:\/\/shieldpediatricdentistry.com\/?page_id=88"},"modified":"2025-04-18T14:27:03","modified_gmt":"2025-04-18T14:27:03","slug":"contact","status":"publish","type":"page","link":"https:\/\/shieldpediatricdentistry.com\/es\/contact\/","title":{"rendered":"Contacto"},"content":{"rendered":"    <!--[section]-->\n\t\t<style>\n.bd-section-130246320{background-attachment:scroll;background-color:#ffffff;}\n.bd-section-130246320{\n\tline-height:  24px;\n\tcolor:  #333333;\n\tfont-size:  16px;\n\tfont-weight:  400;\n}\n.bd-section-130246320 h3{\n\tline-height:  41.4px;\n\tfont-size:  36px;\n\tfont-weight:  300;\n\tcolor:  #000000;\n\tmargin-top:  0em;\n}\n.bd-section-130246320 h1{\n\tline-height:  48px;\n\tfont-size:  48px;\n\tfont-weight:  800;\n\tcolor:  #428bca;\n\ttext-transform:  uppercase;\n}\n<\/style>\t\t<section id=section4 class=\" bd-section-130246320  bd-tagstyles\" data-section-title=\"Contact Us Three Columns With Header\">\n\t\t\t<div class=\"bd-container-inner bd-margins clearfix\">\n\t\t\t\t<!--{content}-->\n\t\t\t\t\t    <!--[columns]-->\n        <style>\n.bd-layoutcontainer-1963260708 > .bd-container-inner > .container-fluid > .row{height:calc(101%);margin:-0.5em 0px;}\n.bd-layoutcontainer-1963260708 > .bd-container-inner > .container-fluid > .row > div{padding:0.5em 0px;}\n.bd-layoutcontainer-1963260708  > .bd-container-inner > .container-fluid:after{display:none;}<\/style><style>\n.bd-layoutcontainer-1963260708 > .bd-container-inner > .container-fluid, .bd-layoutcontainer-1963260708 > .bd-container-inner > .container-fluid > .row{height:100%;}<\/style><style>.bd-layoutcontainer-1963260708 > .bd-container-inner > .container-fluid {padding-left: 0; padding-right: 0;margin-left: 0!important; margin-right: 0!important;}<\/style>        <style>\n.bd-layoutcolumn-12833693{padding:2em 0em;}\n\n.bd-layoutcolumn-34117373{padding:2em;}\n\n@media (max-width: 991px) {.bd-layoutcolumn-389049418{\n\ttext-align:  left;\n}\n}\n@media (max-width: 767px) {.bd-layoutcolumn-389049418{\n\ttext-align:  center;\n}\n}<\/style>        <div class=\" bd-layoutcontainer-1963260708  bd-columns bd-no-margins\">\n            <div class=\"bd-container-inner\">\n                <div class=\"container-fluid\">\n                    <div class=\"row bd-row-flex bd-row-align-top\">\n                        <!--{content}-->\n                                <!--[column]-->\n        <div class=\"col-md-4 col-sm-6 bd-columnwrapper-12833693\">\n            <div class=\"bd-column  bd-layoutcolumn-12833693 \">\n                <div class=\"bd-vertical-align-wrapper\">\n                    <!--{content}-->\n                            <!--[text]-->\n        <style>\n.additional-class-911197335{margin-bottom:20px;}<\/style>        <p class=\" additional-class-911197335  bd-content-element\">\n            <!--{content}-->\n                Dr. Daniel Gonzalez and his team at SHIELD Pediatric Dentistry are dedicated to providing premier pediatric dental care to Westport, MA and the surrounding communities.            <br><br>Looking for a printable referral? You can find that by clicking the image below. Our <b>General Anesthesia (GA)<\/b> form is available by <a href=\"https:\/\/shieldpediatricdentistry.com\/wp-content\/uploads\/2025\/04\/pediatric_general_anesthesia_form.docx\">clicking here<\/a>.            <!--{\/content}-->\n        <\/p>\n    <!--[\/text]-->\n\n\t\n\t\t<!--[image]-->\n            <style>\n                .additional-class-939355139 {\n                    display: inline-block;\n                }\n            <\/style>\n            \n            <style>\n.additional-class-939355139{width:269px;}<\/style>\n\n            <style>\n                .additional-class-939355139 img {\n                    display: inline-block;\n                    width: 100%;\n                    height: 100%;\n                }\n            <\/style>\n            \n            <a target=\"_blank\" href=\"https:\/\/shieldpediatricdentistry.com\/wp-content\/uploads\/2023\/08\/Referral.pdf\" class=\" additional-class-939355139   bd-own-margins\"><img decoding=\"async\" src=\"https:\/\/shieldpediatricdentistry.com\/wp-content\/uploads\/2023\/08\/0d54dcc92bc1184eda7ef9409916fdac_Referral.jpg\" alt=\"SHIELD Pediatric Dentistry Referral Form\" class=\"bd-imagestyles\" ><!--{content}--><!--{\/content}--><\/a><!--[\/image]-->                    <!--{\/content}-->\n                <\/div>\n            <\/div>\n        <\/div>\n    <!--[\/column]-->\n\n\t\n\t\t    <!--[column]-->\n        <div class=\"col-md-4 col-sm-6 bd-columnwrapper-34117373\">\n            <div class=\"bd-column  bd-layoutcolumn-34117373 \">\n                <div class=\"bd-vertical-align-wrapper\">\n                    <!--{content}-->\n                        <!--[layoutbox]--><style>\n@media (max-width: 767px) {.additional-class-1618589045{float:none;display:inline-block;}}<\/style><div class=\"clearfix  additional-class-1618589045  bd-no-margins\"><div class=\"bd-container-inner\"><!--{content}--><!--[icon]--><style>\n.additional-class-410456245{float:left;margin-right:10px;margin-top:10px;margin-bottom:10px;}<\/style><style>.additional-class-410456245 {\n                    text-decoration: inherit;\n\t                display: inline-block;\n\t                speak: none;\n\t            }\n\n                .additional-class-410456245:before {\n                    font-family: 'Billion Web Font';\n\t                font-style: normal;\n\t                font-weight: normal;\n\t                text-decoration: inherit;\n\t                text-align: center;\n\t                text-transform: none;\n\t                width: 1em;\n                }.additional-class-410456245:before { content: '\\288'; }.additional-class-410456245:before {width: auto; visibility: inherit;}.additional-class-410456245:before{display: inline-block;}<\/style><style>\n.additional-class-410456245:before{font-size:30px;color:#bed6f4;line-height:42.85714287px;}<\/style><style>.additional-class-410456245:before{line-height: 30px;}<\/style><style>.additional-class-410456245:before {\n        vertical-align: middle;\n        text-decoration: none;\n    }<\/style><style>.additional-class-410456245:hover {\n                    text-decoration: inherit;\n\t                display: inline-block;\n\t                speak: none;\n\t            }\n\n                .additional-class-410456245:hover:before {\n                    font-family: 'Billion Web Font';\n\t                font-style: normal;\n\t                font-weight: normal;\n\t                text-decoration: inherit;\n\t                text-align: center;\n\t                text-transform: none;\n\t                width: 1em;\n                }.additional-class-410456245:hover:before {width: auto; visibility: inherit;}.additional-class-410456245:hover:before{display: inline-block;}<\/style><style>.additional-class-410456245:hover:before {\n        vertical-align: middle;\n        text-decoration: none;\n    }<\/style><span class=\"bd-icon  additional-class-410456245  bd-no-margins bd-own-margins\"><!--{content}--><!--{\/content}--><\/span><!--[\/icon]-->\n\t\n\t\t    <!--[text]-->\n        <style>\n.additional-class-152291729{overflow:hidden;margin:0px;}<\/style>        <p class=\" additional-class-152291729  bd-no-margins bd-content-element\">\n            <!--{content}-->\n                T: <a href=\"tel:774-319-5640\">774-319-5640<\/a>\n<br>F: 774-319-5642            <!--{\/content}-->\n        <\/p>\n    <!--[\/text]-->\n<!--{\/content}--><\/div><\/div><!--[\/layoutbox]-->\n\t\n\t\t<!--[layoutbox]--><style>\n.additional-class-1484039708{margin-top:10px;}\n@media (max-width: 767px) {.additional-class-1484039708{float:none;display:inline-block;}}<\/style><div class=\"clearfix  additional-class-1484039708  bd-no-margins\"><div class=\"bd-container-inner\"><!--{content}--><!--[icon]--><style>\n.additional-class-694232709{float:left;margin-right:10px;margin-top:10px;margin-bottom:10px;}<\/style><style>.additional-class-694232709 {\n                    text-decoration: inherit;\n\t                display: inline-block;\n\t                speak: none;\n\t            }\n\n                .additional-class-694232709:before {\n                    font-family: 'Billion Web Font';\n\t                font-style: normal;\n\t                font-weight: normal;\n\t                text-decoration: inherit;\n\t                text-align: center;\n\t                text-transform: none;\n\t                width: 1em;\n                }.additional-class-694232709:before { content: '\\129'; }.additional-class-694232709:before {width: auto; visibility: inherit;}.additional-class-694232709:before{display: inline-block;}<\/style><style>\n.additional-class-694232709:before{color:#bed6f4;font-size:30px;line-height:42.85714287px;}<\/style><style>.additional-class-694232709:before{line-height: 30px;}<\/style><style>.additional-class-694232709:before {\n        vertical-align: middle;\n        text-decoration: none;\n    }<\/style><style>.additional-class-694232709:hover {\n                    text-decoration: inherit;\n\t                display: inline-block;\n\t                speak: none;\n\t            }\n\n                .additional-class-694232709:hover:before {\n                    font-family: 'Billion Web Font';\n\t                font-style: normal;\n\t                font-weight: normal;\n\t                text-decoration: inherit;\n\t                text-align: center;\n\t                text-transform: none;\n\t                width: 1em;\n                }.additional-class-694232709:hover:before {width: auto; visibility: inherit;}.additional-class-694232709:hover:before{display: inline-block;}<\/style><style>.additional-class-694232709:hover:before {\n        vertical-align: middle;\n        text-decoration: none;\n    }<\/style><span class=\"bd-icon  additional-class-694232709  bd-no-margins bd-own-margins\"><!--{content}--><!--{\/content}--><\/span><!--[\/icon]-->\n\t\n\t\t    <!--[text]-->\n        <style>\n.additional-class-442626184{overflow:hidden;margin:0px;}<\/style>        <p class=\" additional-class-442626184  bd-no-margins bd-content-element\">\n            <!--{content}-->\n                683 State Road<br>Westport, MA 02790            <!--{\/content}-->\n        <\/p>\n    <!--[\/text]-->\n<!--{\/content}--><\/div><\/div><!--[\/layoutbox]-->\n\t\n\t\t<!--[layoutbox]--><style>\n.additional-class-24604492{margin-top:10px;}\n@media (max-width: 767px) {.additional-class-24604492{float:none;display:inline-block;}}<\/style><div class=\"clearfix  additional-class-24604492  bd-no-margins\"><div class=\"bd-container-inner\"><!--{content}--><!--[icon]--><style>\n.additional-class-1850545477{float:left;margin-right:10px;margin-top:10px;margin-bottom:10px;}<\/style><style>.additional-class-1850545477 {\n                    text-decoration: inherit;\n\t                display: inline-block;\n\t                speak: none;\n\t            }\n\n                .additional-class-1850545477:before {\n                    font-family: 'Billion Web Font';\n\t                font-style: normal;\n\t                font-weight: normal;\n\t                text-decoration: inherit;\n\t                text-align: center;\n\t                text-transform: none;\n\t                width: 1em;\n                }.additional-class-1850545477:before { content: '\\157'; }.additional-class-1850545477:before {width: auto; visibility: inherit;}.additional-class-1850545477:before{display: inline-block;}<\/style><style>\n.additional-class-1850545477:before{color:#bed6f4;font-size:30px;line-height:42.85714287px;}<\/style><style>.additional-class-1850545477:before{line-height: 30px;}<\/style><style>.additional-class-1850545477:before {\n        vertical-align: middle;\n        text-decoration: none;\n    }<\/style><style>.additional-class-1850545477:hover {\n                    text-decoration: inherit;\n\t                display: inline-block;\n\t                speak: none;\n\t            }\n\n                .additional-class-1850545477:hover:before {\n                    font-family: 'Billion Web Font';\n\t                font-style: normal;\n\t                font-weight: normal;\n\t                text-decoration: inherit;\n\t                text-align: center;\n\t                text-transform: none;\n\t                width: 1em;\n                }.additional-class-1850545477:hover:before {width: auto; visibility: inherit;}.additional-class-1850545477:hover:before{display: inline-block;}<\/style><style>.additional-class-1850545477:hover:before {\n        vertical-align: middle;\n        text-decoration: none;\n    }<\/style><span class=\"bd-icon  additional-class-1850545477  bd-no-margins bd-own-margins\"><!--{content}--><!--{\/content}--><\/span><!--[\/icon]-->\n\t\n\t\t    <!--[text]-->\n        <style>\n.additional-class-896051331{overflow:hidden;margin:0px;}<\/style>        <p class=\" additional-class-896051331  bd-no-margins bd-content-element\">\n            <!--{content}-->\n                <a href=\"mailto:frontdesk@shieldpediatricdentistry.com\">\nfrontdesk@shieldpediatricdentistry.com\n<\/a>            <!--{\/content}-->\n        <\/p>\n    <!--[\/text]-->\n<!--{\/content}--><\/div><\/div><!--[\/layoutbox]-->                    <!--{\/content}-->\n                <\/div>\n            <\/div>\n        <\/div>\n    <!--[\/column]-->\n\n\t\n\t\t    <!--[column]-->\n        <div class=\"col-md-4 col-sm-12 bd-columnwrapper-389049418\">\n            <div class=\"bd-column  bd-layoutcolumn-389049418 \">\n                <div class=\"bd-vertical-align-wrapper\">\n                    <!--{content}-->\n                            <!--[googlemap]-->\n        <style>\n            .additional-class-1696431669 {\n                height: 300px;\n                width: 100%;\n                display: block;\n            }\n        <\/style>\n        <style>\n.additional-class-1696431669{height:300px;width:100%;display:block;}<\/style>        <div class=\"bd-imagestyles  additional-class-1696431669  bd-own-margins\">\n            <div class=\"embed-responsive\" style=\"height: 100%; width: 100%;\">\n                <iframe class=\"embed-responsive-item\" src=\"\/\/maps.google.com\/maps?output=embed&q=683 State Road, Westport MA 02790&t=m&hl=English\">\n                <\/iframe>\n            <\/div>\n        <\/div>\n    <!--[\/googlemap]-->\n                    <!--{\/content}-->\n                <\/div>\n            <\/div>\n        <\/div>\n    <!--[\/column]-->\n                        <!--{\/content}-->\n                    <\/div>\n                <\/div>\n            <\/div>\n        <\/div>\n    <!--[\/columns]-->\n\t\t\t\t<!--{\/content}-->\n\t\t\t<\/div>\n\t\t<\/section>\n\t<!--[\/section]-->\n\n","protected":false},"excerpt":{"rendered":"","protected":false},"author":1,"featured_media":0,"parent":0,"menu_order":0,"comment_status":"closed","ping_status":"closed","template":"","meta":{"footnotes":""},"class_list":["post-88","page","type-page","status-publish","hentry"],"yoast_head":"<!-- This site is optimized with the Yoast SEO plugin v27.4 - https:\/\/yoast.com\/product\/yoast-seo-wordpress\/ -->\n<title>Contact - SHIELD Pediatric Dentistry - Dr. Daniel Gonzalez<\/title>\n<meta name=\"robots\" content=\"index, follow, max-snippet:-1, max-image-preview:large, max-video-preview:-1\" \/>\n<link rel=\"canonical\" href=\"https:\/\/shieldpediatricdentistry.com\/es\/contact\/\" \/>\n<meta property=\"og:locale\" content=\"es_ES\" \/>\n<meta property=\"og:type\" content=\"article\" \/>\n<meta property=\"og:title\" content=\"Contact - SHIELD Pediatric Dentistry - Dr. Daniel Gonzalez\" \/>\n<meta property=\"og:url\" content=\"https:\/\/shieldpediatricdentistry.com\/es\/contact\/\" \/>\n<meta property=\"og:site_name\" content=\"SHIELD Pediatric Dentistry - Dr. Daniel Gonzalez\" \/>\n<meta property=\"article:modified_time\" content=\"2025-04-18T14:27:03+00:00\" \/>\n<meta name=\"twitter:card\" content=\"summary_large_image\" \/>\n<meta name=\"twitter:label1\" content=\"Tiempo de lectura\" \/>\n\t<meta name=\"twitter:data1\" content=\"2 minutos\" \/>\n<script type=\"application\/ld+json\" class=\"yoast-schema-graph\">{\"@context\":\"https:\\\/\\\/schema.org\",\"@graph\":[{\"@type\":\"WebPage\",\"@id\":\"https:\\\/\\\/shieldpediatricdentistry.com\\\/contact\\\/\",\"url\":\"https:\\\/\\\/shieldpediatricdentistry.com\\\/contact\\\/\",\"name\":\"Contact - SHIELD Pediatric Dentistry - Dr. Daniel Gonzalez\",\"isPartOf\":{\"@id\":\"https:\\\/\\\/shieldpediatricdentistry.com\\\/#website\"},\"datePublished\":\"2018-11-20T22:09:03+00:00\",\"dateModified\":\"2025-04-18T14:27:03+00:00\",\"breadcrumb\":{\"@id\":\"https:\\\/\\\/shieldpediatricdentistry.com\\\/contact\\\/#breadcrumb\"},\"inLanguage\":\"es-CO\",\"potentialAction\":[{\"@type\":\"ReadAction\",\"target\":[\"https:\\\/\\\/shieldpediatricdentistry.com\\\/contact\\\/\"]}]},{\"@type\":\"BreadcrumbList\",\"@id\":\"https:\\\/\\\/shieldpediatricdentistry.com\\\/contact\\\/#breadcrumb\",\"itemListElement\":[{\"@type\":\"ListItem\",\"position\":1,\"name\":\"Home\",\"item\":\"https:\\\/\\\/shieldpediatricdentistry.com\\\/\"},{\"@type\":\"ListItem\",\"position\":2,\"name\":\"Contact\"}]},{\"@type\":\"WebSite\",\"@id\":\"https:\\\/\\\/shieldpediatricdentistry.com\\\/#website\",\"url\":\"https:\\\/\\\/shieldpediatricdentistry.com\\\/\",\"name\":\"SHIELD Pediatric Dentistry - Dr. Daniel Gonzalez\",\"description\":\"Pediatric Dentist in Westport, MA 02790\",\"potentialAction\":[{\"@type\":\"SearchAction\",\"target\":{\"@type\":\"EntryPoint\",\"urlTemplate\":\"https:\\\/\\\/shieldpediatricdentistry.com\\\/?s={search_term_string}\"},\"query-input\":{\"@type\":\"PropertyValueSpecification\",\"valueRequired\":true,\"valueName\":\"search_term_string\"}}],\"inLanguage\":\"es-CO\"}]}<\/script>\n<!-- \/ Yoast SEO plugin. -->","yoast_head_json":{"title":"Contacto - SHIELD Pediatric Dentistry - Dr. Daniel Gonz\u00e1lez","robots":{"index":"index","follow":"follow","max-snippet":"max-snippet:-1","max-image-preview":"max-image-preview:large","max-video-preview":"max-video-preview:-1"},"canonical":"https:\/\/shieldpediatricdentistry.com\/es\/contact\/","og_locale":"es_ES","og_type":"article","og_title":"Contact - SHIELD Pediatric Dentistry - Dr. Daniel Gonzalez","og_url":"https:\/\/shieldpediatricdentistry.com\/es\/contact\/","og_site_name":"SHIELD Pediatric Dentistry - Dr. Daniel Gonzalez","article_modified_time":"2025-04-18T14:27:03+00:00","twitter_card":"summary_large_image","twitter_misc":{"Tiempo de lectura":"2 minutos"},"schema":{"@context":"https:\/\/schema.org","@graph":[{"@type":"WebPage","@id":"https:\/\/shieldpediatricdentistry.com\/contact\/","url":"https:\/\/shieldpediatricdentistry.com\/contact\/","name":"Contacto - SHIELD Pediatric Dentistry - Dr. Daniel Gonz\u00e1lez","isPartOf":{"@id":"https:\/\/shieldpediatricdentistry.com\/#website"},"datePublished":"2018-11-20T22:09:03+00:00","dateModified":"2025-04-18T14:27:03+00:00","breadcrumb":{"@id":"https:\/\/shieldpediatricdentistry.com\/contact\/#breadcrumb"},"inLanguage":"es-CO","potentialAction":[{"@type":"ReadAction","target":["https:\/\/shieldpediatricdentistry.com\/contact\/"]}]},{"@type":"BreadcrumbList","@id":"https:\/\/shieldpediatricdentistry.com\/contact\/#breadcrumb","itemListElement":[{"@type":"ListItem","position":1,"name":"Home","item":"https:\/\/shieldpediatricdentistry.com\/"},{"@type":"ListItem","position":2,"name":"Contact"}]},{"@type":"WebSite","@id":"https:\/\/shieldpediatricdentistry.com\/#website","url":"https:\/\/shieldpediatricdentistry.com\/","name":"SHIELD Odontolog\u00eda Pedi\u00e1trica - Dr. Daniel Gonz\u00e1lez","description":"Dentista Pedi\u00e1trico en Westport, MA 02790","potentialAction":[{"@type":"SearchAction","target":{"@type":"EntryPoint","urlTemplate":"https:\/\/shieldpediatricdentistry.com\/?s={search_term_string}"},"query-input":{"@type":"PropertyValueSpecification","valueRequired":true,"valueName":"search_term_string"}}],"inLanguage":"es-CO"}]}},"_links":{"self":[{"href":"https:\/\/shieldpediatricdentistry.com\/es\/wp-json\/wp\/v2\/pages\/88","targetHints":{"allow":["GET"]}}],"collection":[{"href":"https:\/\/shieldpediatricdentistry.com\/es\/wp-json\/wp\/v2\/pages"}],"about":[{"href":"https:\/\/shieldpediatricdentistry.com\/es\/wp-json\/wp\/v2\/types\/page"}],"author":[{"embeddable":true,"href":"https:\/\/shieldpediatricdentistry.com\/es\/wp-json\/wp\/v2\/users\/1"}],"replies":[{"embeddable":true,"href":"https:\/\/shieldpediatricdentistry.com\/es\/wp-json\/wp\/v2\/comments?post=88"}],"version-history":[{"count":11,"href":"https:\/\/shieldpediatricdentistry.com\/es\/wp-json\/wp\/v2\/pages\/88\/revisions"}],"predecessor-version":[{"id":343,"href":"https:\/\/shieldpediatricdentistry.com\/es\/wp-json\/wp\/v2\/pages\/88\/revisions\/343"}],"wp:attachment":[{"href":"https:\/\/shieldpediatricdentistry.com\/es\/wp-json\/wp\/v2\/media?parent=88"}],"curies":[{"name":"wp","href":"https:\/\/api.w.org\/{rel}","templated":true}]}}